{"id":4216,"date":"2026-01-19T13:24:13","date_gmt":"2026-01-19T12:24:13","guid":{"rendered":"https:\/\/skins-restaurant.ch\/?page_id=4216"},"modified":"2026-01-22T11:57:40","modified_gmt":"2026-01-22T10:57:40","slug":"pressemitteilung","status":"publish","type":"page","link":"https:\/\/skins-restaurant.ch\/fr\/pressemitteilung\/","title":{"rendered":"Pressemitteilung"},"content":{"rendered":"<div data-elementor-type=\"wp-page\" data-elementor-id=\"4216\" class=\"elementor elementor-4216\" data-elementor-post-type=\"page\">\n\t\t\t\t<div class=\"elementor-element elementor-element-ecee371 e-flex e-con-boxed e-con e-parent\" data-id=\"ecee371\" data-element_type=\"container\" data-settings=\"{&quot;background_background&quot;:&quot;classic&quot;}\">\n\t\t\t\t\t<div class=\"e-con-inner\">\n\t\t<div class=\"elementor-element elementor-element-752aef2 e-flex e-con-boxed e-con e-child\" data-id=\"752aef2\" data-element_type=\"container\">\n\t\t\t\t\t<div class=\"e-con-inner\">\n\t\t\t\t<div class=\"elementor-element elementor-element-06882d3 elementor-widget elementor-widget-heading\" data-id=\"06882d3\" data-element_type=\"widget\" data-widget_type=\"heading.default\">\n\t\t\t\t<div class=\"elementor-widget-container\">\n\t\t\t\t\t<h2 class=\"elementor-heading-title elementor-size-default\">Pressemitteilung<\/h2>\t\t\t\t<\/div>\n\t\t\t\t<\/div>\n\t\t\t\t<div class=\"elementor-element elementor-element-3943fa3 elementor-widget elementor-widget-heading\" data-id=\"3943fa3\" data-element_type=\"widget\" data-widget_type=\"heading.default\">\n\t\t\t\t<div class=\"elementor-widget-container\">\n\t\t\t\t\t<h2 class=\"elementor-heading-title elementor-size-default\">Skins Restaurant richtet Angebot neu aus \u2013 Fokus k\u00fcnftig auf Mittagsgastronomie und kulinarische N\u00e4he zu Skinmed<\/h2>\t\t\t\t<\/div>\n\t\t\t\t<\/div>\n\t\t\t\t<div class=\"elementor-element elementor-element-201e54a elementor-widget elementor-widget-text-editor\" data-id=\"201e54a\" data-element_type=\"widget\" data-widget_type=\"text-editor.default\">\n\t\t\t\t<div class=\"elementor-widget-container\">\n\t\t\t\t\t\t\t\t\t<p>Lenzburg, Schweiz \u2013 15. Januar 2026 \u2013 Das mit zwei Michelin-Sternen ausgezeichnete <a href=\"https:\/\/skins-restaurant.ch\/fr\/\">Skin`s Restaurant<\/a> richtet sein gastronomisches Angebot neu aus und konzentriert sich k\u00fcnftig vollst\u00e4ndig auf den erfolgreichen <a href=\"https:\/\/skins-kitchen.ch\/\">Mittagsservice<\/a>. Dieser dient sowohl den Mitarbeitenden von Skinmed als auch G\u00e4sten aus der Region und bleibt unver\u00e4ndert bestehen.\u00a0<\/p><p>Mit dieser strategischen Neuausrichtung verabschiedet sich das Skin`s ab 28. M\u00e4rz 2026 vom abendlichen Fine-Dining-Angebot.\u00a0<\/p><p>Die Mittagsgastronomie \u2013 seit Jahren ein zentraler Bestandteil des Skinmed Campus und wichtiger Treffpunkt f\u00fcr Mitarbeitende, Partner und externe G\u00e4ste \u2013 wird hingegen weiter gest\u00e4rkt.<\/p><p>\u201eWir sind stolz auf das, was unser K\u00fcchenchef Kevin Romes und Souschef Pascal Hobler mit dem Skin\u2019s Team im Fine Dining erreicht haben. Die Auszeichnungen best\u00e4tigen die aussergew\u00f6hnliche Qualit\u00e4t, die Skins gepr\u00e4gt hat. Gleichzeitig haben wir festgestellt, dass unsere Mittagsgastronomie f\u00fcr unser Unternehmen und unsere G\u00e4ste langfristig den gr\u00f6ssten Mehrwert schafft. Daher richten wir unsere Ressourcen k\u00fcnftig konsequent auf dieses Angebot aus\u201c, sagt Dr. Felix Bertram (Gr\u00fcnder und Inhaber von Skinmed und Skin`s)<\/p><p>Der Entscheid ist das Resultat einer umfassenden strategischen \u00dcberpr\u00fcfung. Ziel ist es, die gastronomische Qualit\u00e4t auf dem Campus weiterzuentwickeln, interne Synergien zu st\u00e4rken und den Fokus auf ein Angebot zu legen, das f\u00fcr Mitarbeitende und regionale G\u00e4ste t\u00e4glich zug\u00e4nglich ist.<\/p><p>\u201eDie Tatsache, dass wir uns vom abendlichen Service trennen, ist kein Abschied von Qualit\u00e4t \u2013 im Gegenteil. Wir investieren nun gezielt in ein kulinarisches Konzept, das nahbar, alltagsrelevant und nachhaltig ist\u201c, erg\u00e4nzt Bertram.<\/p><p>Das Skin`s-Team arbeitet bereits an innovativen Konzepten f\u00fcr die Mittagsgastronomie, die k\u00fcnftig noch st\u00e4rker auf moderne, gesunde K\u00fcche und regionale Produkte setzen wird \u2013 lecker, frisch und gesund!<\/p><p>Das Unternehmen bedankt sich bei allen G\u00e4sten, Partnern und Mitarbeitenden, die die Fine-Dining-Phase des Skin`s m\u00f6glich gemacht haben. Die Erfolge der vergangenen Jahre bleiben ein wertvoller Teil der Geschichte \u2013 und bilden die Grundlage f\u00fcr die n\u00e4chsten Kapitel.<\/p>\t\t\t\t\t\t\t\t<\/div>\n\t\t\t\t<\/div>\n\t\t\t\t<div class=\"elementor-element elementor-element-f22addf elementor-widget elementor-widget-heading\" data-id=\"f22addf\" data-element_type=\"widget\" data-widget_type=\"heading.default\">\n\t\t\t\t<div class=\"elementor-widget-container\">\n\t\t\t\t\t<h3 class=\"elementor-heading-title elementor-size-default\">\u00dcber Skins<\/h3>\t\t\t\t<\/div>\n\t\t\t\t<\/div>\n\t\t\t\t<div class=\"elementor-element elementor-element-0dc2ace elementor-widget elementor-widget-text-editor\" data-id=\"0dc2ace\" data-element_type=\"widget\" data-widget_type=\"text-editor.default\">\n\t\t\t\t<div class=\"elementor-widget-container\">\n\t\t\t\t\t\t\t\t\t<p>Skin`s &#8211; The Restaurant in Lenzburg (AG) ist Teil des <a href=\"https:\/\/www.skinmed.ch\">Skinmed<\/a> Campus und verbindet erstklassige Gastronomie mit einem modernen Arbeitsumfeld. Der Mittagsservice bleibt auch k\u00fcnftig offen f\u00fcr die \u00d6ffentlichkeit und bietet hochwertige, moderne K\u00fcche in entspannter Atmosph\u00e4re.<\/p>\t\t\t\t\t\t\t\t<\/div>\n\t\t\t\t<\/div>\n\t\t\t\t\t<\/div>\n\t\t\t\t<\/div>\n\t\t\t\t\t<\/div>\n\t\t\t\t<\/div>\n\t\t\t\t<\/div>","protected":false},"excerpt":{"rendered":"<p>Pressemitteilung Skins Restaurant richtet Angebot neu aus \u2013 Fokus k\u00fcnftig auf Mittagsgastronomie und kulinarische N\u00e4he zu Skinmed Lenzburg, Schweiz \u2013 15. Januar 2026 \u2013 Das mit zwei Michelin-Sternen ausgezeichnete Skin`s Restaurant richtet sein gastronomisches Angebot neu aus und konzentriert sich k\u00fcnftig vollst\u00e4ndig auf den erfolgreichen Mittagsservice. Dieser dient sowohl den Mitarbeitenden von Skinmed als auch [&hellip;]<\/p>","protected":false},"author":1,"featured_media":0,"parent":0,"menu_order":0,"comment_status":"closed","ping_status":"closed","template":"","meta":{"_acf_changed":false,"footnotes":""},"class_list":["post-4216","page","type-page","status-publish","hentry"],"acf":[],"_links":{"self":[{"href":"https:\/\/skins-restaurant.ch\/fr\/wp-json\/wp\/v2\/pages\/4216","targetHints":{"allow":["GET"]}}],"collection":[{"href":"https:\/\/skins-restaurant.ch\/fr\/wp-json\/wp\/v2\/pages"}],"about":[{"href":"https:\/\/skins-restaurant.ch\/fr\/wp-json\/wp\/v2\/types\/page"}],"author":[{"embeddable":true,"href":"https:\/\/skins-restaurant.ch\/fr\/wp-json\/wp\/v2\/users\/1"}],"replies":[{"embeddable":true,"href":"https:\/\/skins-restaurant.ch\/fr\/wp-json\/wp\/v2\/comments?post=4216"}],"version-history":[{"count":10,"href":"https:\/\/skins-restaurant.ch\/fr\/wp-json\/wp\/v2\/pages\/4216\/revisions"}],"predecessor-version":[{"id":4246,"href":"https:\/\/skins-restaurant.ch\/fr\/wp-json\/wp\/v2\/pages\/4216\/revisions\/4246"}],"wp:attachment":[{"href":"https:\/\/skins-restaurant.ch\/fr\/wp-json\/wp\/v2\/media?parent=4216"}],"curies":[{"name":"wp","href":"https:\/\/api.w.org\/{rel}","templated":true}]}}