{"id":3852,"date":"2025-04-11T11:26:42","date_gmt":"2025-04-11T09:26:42","guid":{"rendered":"https:\/\/skins-restaurant.ch\/?page_id=3852"},"modified":"2025-04-11T11:43:04","modified_gmt":"2025-04-11T09:43:04","slug":"agb","status":"publish","type":"page","link":"https:\/\/skins-restaurant.ch\/fr\/agb\/","title":{"rendered":"AGB"},"content":{"rendered":"<div data-elementor-type=\"wp-page\" data-elementor-id=\"3852\" class=\"elementor elementor-3852\" data-elementor-post-type=\"page\">\n\t\t\t\t<div class=\"elementor-element elementor-element-7a005d3 e-flex e-con-boxed e-con e-parent\" data-id=\"7a005d3\" data-element_type=\"container\">\n\t\t\t\t\t<div class=\"e-con-inner\">\n\t\t<div class=\"elementor-element elementor-element-d27c3a7 e-flex e-con-boxed e-con e-child\" data-id=\"d27c3a7\" data-element_type=\"container\">\n\t\t\t\t\t<div class=\"e-con-inner\">\n\t\t\t\t<div class=\"elementor-element elementor-element-0596cb5 elementor-widget elementor-widget-heading\" data-id=\"0596cb5\" data-element_type=\"widget\" data-widget_type=\"heading.default\">\n\t\t\t\t<div class=\"elementor-widget-container\">\n\t\t\t\t\t<h2 class=\"elementor-heading-title elementor-size-default\">Allgemein Gesch\u00e4ftsbedingungen <\/h2>\t\t\t\t<\/div>\n\t\t\t\t<\/div>\n\t\t\t\t<div class=\"elementor-element elementor-element-ec791a7 elementor-widget elementor-widget-text-editor\" data-id=\"ec791a7\" data-element_type=\"widget\" data-widget_type=\"text-editor.default\">\n\t\t\t\t<div class=\"elementor-widget-container\">\n\t\t\t\t\t\t\t\t\t<p><strong>Allgemeine Gesch\u00e4ftsbedingungen (AGB) von Skinmed AG (nachfolgend: Skinmed AG), rechtm\u00e4ssigen Betreiberin eines E-GUMA\u00ae Tickets Management Systems der Fa. Idea Creation GmbH<\/strong><br \/><br \/><br \/><strong>1. Allgemeines<\/strong><br \/>Alle Lieferungen und Leistungen von Skin\u2019s the restaurant nachfolgend Skinmed AG und die damit verbundenen Onlinebestellungen sowie weitere Onlinedienste, unterliegen diesen Allgemeinen Gesch\u00e4ftsbedingungen (AGB). Abweichende und\/oder erg\u00e4nzende Vereinbarungen bed\u00fcrfen der ausdr\u00fccklichen Zustimmung der Gesch\u00e4ftsleitung von Skinmed AG sowie der Schriftform; dies gilt auch f\u00fcr eine Abbedingung des Schriftformerfordernisses.<\/p><p>\u00a0<\/p><p>Diese Allgemeinen Gesch\u00e4ftsbedingungen (&#171;AGB&#187;) sind Grundlage f\u00fcr die Benutzung der Website des Veranstalters.<br \/><br \/>Durch Anklicken der Checkbox: \u00abIch habe die AGB gelesen und akzeptiert\u00bb erkl\u00e4rt der Ticketk\u00e4ufer, die AGB anzuerkennen und einzuhalten.<br \/><br \/><strong>2. Tickets und Ticket und Gutscheine<\/strong><br \/>Bei Online-Tickets und Ticket und Gutscheinen ist zu beachten, dass diese von Skinmed AG mit einem f\u00e4lschungssicheren Code an den Kunden \u00fcbermittelt werden. Da der Kunde das Ticket oder den Gutschein selbst ausdrucken kann, sind mehrere Prints zwar m\u00f6glich, aber nur ein Print ist wertrelevant und einl\u00f6sbar. Der erste mit einem E-GUMA\u00ae Tickets Management System eingel\u00f6ste Ticket\/Gutschein mit dem entsprechenden Code wird als das Original angesehen und muss sofort nach dem Einl\u00f6sen von Skinmed AG abgebucht werden. Sollten weitere Exemplare mit dem gleichen Code auftauchen, so handelt es sich um einen Missbrauch, welcher strafrechtliche Konsequenzen zur Folge hat. Es besteht kein Anspruch auf Erf\u00fcllung und\/oder Lieferung, resp. auf Schadenersatz seitens von von Skinmed AG, falls jemand versucht, mehrere Tickets und Gutscheine mit dem gleichen Code einzul\u00f6sen, selbst wenn der Ersteinl\u00f6ser nicht der rechtskr\u00e4ftige Inhaber des Tickets oder Gutscheines sein sollte. Vielmehr kann gegen den Aussteller mit Betrugsabsicht sofort eine strafrechtliche Untersuchung (Urkundenf\u00e4lschung) in die Wege geleitet werden.<br \/>Da ein Ticket oder Gutschein entsprechend weitergegeben, resp. verschenkt werden kann, besteht keine Pflicht und M\u00f6glichkeit seitens von von Skinmed AG, das Besitzrecht des Einl\u00f6sers zu \u00fcberpr\u00fcfen. Beim Einl\u00f6sen wird lediglich \u00fcberpr\u00fcft, ob die entsprechende E-GUMA\u00ae-Ticket und Gutscheinnummer wirklich vom System freigegeben und ob das entsprechende Ticket oder Gutschein auch wirklich bezahlt wurde.<br \/>Die E-GUMA\u00ae-Gutscheine sind in der Regel 2 Jahre g\u00fcltig (siehe Datum und G\u00fcltigkeitsdauer). Nach Ablauf dieser Frist ist Skinmed AG nicht mehr verpflichtet, diesen anzunehmen. Verlorene Gutscheine werden nicht ersetzt. Auch k\u00f6nnen Ticket und Gutscheine nicht gegen Barwertauszahlung zur\u00fcckgegeben werden. Betr\u00e4gt der Wert des Gutscheines mehr als die konsumierte Leistung, so ist Skinmed AG bereit, den verbleibenden Tickets und Gutschein-Saldo bei weiteren Besuchen resp. Konsumation, vollumf\u00e4nglich anzurechnen. In einem solchen Fall besteht kein Anspruch auf eine Restauszahlung des noch offenen Tickets und Gutschein-Betrages.<\/p><p>Aus betrieblichen Gr\u00fcnden k\u00f6nnen die im Ticket oder Gutschein aufgef\u00fchrten Leistungen nur vom Betrieb erbracht resp. garantiert werden, wenn eine entsprechende und rechtzeitige Reservation erfolgt ist. Dies gilt vor allem f\u00fcr Ticket oder Gutscheine im Zusammenhang mit Events. Die im Ticket und Gutschein beschriebene Dienstleistung kann je nach Begebenheit leicht abweichen, darf aber f\u00fcr den Gast keine relevante Wertminderung darstellen. Sollte Skinmed AG aus irgendeinem Grund schliessen oder aufgeben m\u00fcssen, so verfallen die E-GUMA\u00ae-Ticket und Gutscheine schadenersatzlos. Dies ist auch der Fall, wenn der Betrieb nachweisbar den Eigent\u00fcmer wechselt. In einem solchen Fall kann nicht auf Skinmed AG als urspr\u00fcnglicher Aussteller des Tickets und Gutscheine zur\u00fcckgegriffen werden.\u00a0\u00a0\u00a0\u00a0 \u00a0<\/p><p><strong>3. Stornogeb\u00fchren<\/strong><\/p><p>F\u00fcr Eventbuchungen gelten Stornogeb\u00fchren in folgendem Umfang:<\/p><p>Bis 2 Wochen vor der Veranstaltung 100% R\u00fcckerstattung des Ticketpreises.<\/p><p>Bis 1 Woche vor der Veranstaltung 50% R\u00fcckerstattung des Ticketpreises.<\/p><p>Kurzfristige Stornierungen innerhalb von einer Woche vor den Veranstaltungen werden nicht zur\u00fcckerstattet.<\/p><p><strong>4. Widerrufsrecht<\/strong><br \/>Bei Ticket und Gutscheinen, die online bezahlt werden, besteht kein Widerrufsrecht.<\/p><p><strong>5. Kundendaten<\/strong><br \/>Skinmed AG ist berechtigt, die im Rahmen der Gesch\u00e4ftsbeziehung erforderlichen personenbezogenen Daten des Kunden zu erheben, zu speichern und zu verarbeiten, dies unter Ber\u00fccksichtigung der entsprechenden Sorgfaltspflicht im Umgang mit sensiblen Kundendaten.<\/p><p><strong>6. Haftungsausschluss<\/strong><br \/>Der Veranstalter haftet nicht f\u00fcr Sch\u00e4den, welche infolge Nutzung der Websites des Veranstalters durch St\u00f6rung, Unterbr\u00fcche und \u00dcberlastungen des IT-Systems auf Seiten des Veranstalters, deren Lieferanten oder des Benutzers entstanden sind. F\u00fcr missbr\u00e4uchliche Verwendung und rechtswidrige Eingriffe in das System lehnt der Veranstalter jede Haftung f\u00fcr allf\u00e4llige Sch\u00e4den ab.<br \/><br \/><strong>7. Abschliessende Bestimmungen<\/strong><br \/>Die Unwirksamkeit einzelner Punkte dieser Allgemeinen Gesch\u00e4ftsbedingung (AGB)\u00a0 ber\u00fchrt die Wirksamkeit der \u00fcbrigen Bestimmungen nicht. An die Stelle der unwirksamen Bestimmung tritt eine neue Bestimmung, die in ihrer wirtschaftlichen Auswirkung der unwirksamen Bestimmung m\u00f6glichst nahekommt. Erf\u00fcllungsort und Gerichtsstand f\u00fcr Vertr\u00e4ge, unter Einschluss dieser Allgemeinen Gesch\u00e4ftsbedingungen (AGB), ist Z\u00fcrich, Schweiz.<\/p>\t\t\t\t\t\t\t\t<\/div>\n\t\t\t\t<\/div>\n\t\t\t\t\t<\/div>\n\t\t\t\t<\/div>\n\t\t\t\t\t<\/div>\n\t\t\t\t<\/div>\n\t\t\t\t<\/div>","protected":false},"excerpt":{"rendered":"<p>Allgemein Gesch\u00e4ftsbedingungen Allgemeine Gesch\u00e4ftsbedingungen (AGB) von Skinmed AG (nachfolgend: Skinmed AG), rechtm\u00e4ssigen Betreiberin eines E-GUMA\u00ae Tickets Management Systems der Fa. Idea Creation GmbH 1. AllgemeinesAlle Lieferungen und Leistungen von Skin\u2019s the restaurant nachfolgend Skinmed AG und die damit verbundenen Onlinebestellungen sowie weitere Onlinedienste, unterliegen diesen Allgemeinen Gesch\u00e4ftsbedingungen (AGB). Abweichende und\/oder erg\u00e4nzende Vereinbarungen bed\u00fcrfen der ausdr\u00fccklichen [&hellip;]<\/p>","protected":false},"author":1,"featured_media":0,"parent":0,"menu_order":0,"comment_status":"closed","ping_status":"closed","template":"","meta":{"_acf_changed":false,"footnotes":""},"class_list":["post-3852","page","type-page","status-publish","hentry"],"acf":[],"_links":{"self":[{"href":"https:\/\/skins-restaurant.ch\/fr\/wp-json\/wp\/v2\/pages\/3852","targetHints":{"allow":["GET"]}}],"collection":[{"href":"https:\/\/skins-restaurant.ch\/fr\/wp-json\/wp\/v2\/pages"}],"about":[{"href":"https:\/\/skins-restaurant.ch\/fr\/wp-json\/wp\/v2\/types\/page"}],"author":[{"embeddable":true,"href":"https:\/\/skins-restaurant.ch\/fr\/wp-json\/wp\/v2\/users\/1"}],"replies":[{"embeddable":true,"href":"https:\/\/skins-restaurant.ch\/fr\/wp-json\/wp\/v2\/comments?post=3852"}],"version-history":[{"count":10,"href":"https:\/\/skins-restaurant.ch\/fr\/wp-json\/wp\/v2\/pages\/3852\/revisions"}],"predecessor-version":[{"id":3867,"href":"https:\/\/skins-restaurant.ch\/fr\/wp-json\/wp\/v2\/pages\/3852\/revisions\/3867"}],"wp:attachment":[{"href":"https:\/\/skins-restaurant.ch\/fr\/wp-json\/wp\/v2\/media?parent=3852"}],"curies":[{"name":"wp","href":"https:\/\/api.w.org\/{rel}","templated":true}]}}