{"id":365,"date":"2022-05-02T14:46:20","date_gmt":"2022-05-02T12:46:20","guid":{"rendered":"https:\/\/skins-restaurant.ch\/?page_id=365"},"modified":"2023-05-09T13:10:45","modified_gmt":"2023-05-09T11:10:45","slug":"impressum","status":"publish","type":"page","link":"https:\/\/skins-restaurant.ch\/en\/impressum\/","title":{"rendered":"Impressum"},"content":{"rendered":"<div data-elementor-type=\"wp-page\" data-elementor-id=\"365\" class=\"elementor elementor-365\" data-elementor-post-type=\"page\">\n\t\t\t\t<div class=\"elementor-element elementor-element-3ed5d70 e-flex e-con-boxed e-con e-parent\" data-id=\"3ed5d70\" data-element_type=\"container\">\n\t\t\t\t\t<div class=\"e-con-inner\">\n\t\t<div class=\"elementor-element elementor-element-8be67f6 e-flex e-con-boxed e-con e-child\" data-id=\"8be67f6\" data-element_type=\"container\">\n\t\t\t\t\t<div class=\"e-con-inner\">\n\t\t\t\t<div class=\"elementor-element elementor-element-2e3816b elementor-widget elementor-widget-heading\" data-id=\"2e3816b\" data-element_type=\"widget\" data-widget_type=\"heading.default\">\n\t\t\t\t<div class=\"elementor-widget-container\">\n\t\t\t\t\t<h2 class=\"elementor-heading-title elementor-size-default\">Impressum<\/h2>\t\t\t\t<\/div>\n\t\t\t\t<\/div>\n\t\t\t\t<div class=\"elementor-element elementor-element-9f9299a elementor-widget elementor-widget-text-editor\" data-id=\"9f9299a\" data-element_type=\"widget\" data-widget_type=\"text-editor.default\">\n\t\t\t\t<div class=\"elementor-widget-container\">\n\t\t\t\t\t\t\t\t\t<p><b>Verantwortliche Instanz:<\/b><br \/>skinmed AG<br \/>Herzogstrasse 10<br \/>5000 Aarau<br \/>Schweiz<br \/><strong>E-Mail<\/strong>: info@skins-restaurant.ch<\/p><p><strong>Vertretungsberechtigte Personen<\/strong><br \/>Dr. med. Felix J. Bertram<\/p><p><strong>Name des Unternehmens<\/strong>: skinmed AG<br \/><strong>Registrationsnummer<\/strong>: CHE-115.608.719<br \/><strong>Umsatzsteuer-Identifikationsnummer<\/strong>: CHE-115.608.719 MWST<\/p><p><strong>Haftungsausschluss<\/strong><br \/>Der Autor \u00fcbernimmt keine Gew\u00e4hr f\u00fcr die Richtigkeit, Genauigkeit, Aktualit\u00e4t, Zuverl\u00e4ssigkeit und Vollst\u00e4ndigkeit der Informationen.<br \/>Haftungsanspr\u00fcche gegen den Autor wegen Sch\u00e4den materieller oder immaterieller Art, die aus dem Zugriff oder der Nutzung bzw. Nichtnutzung der ver\u00f6ffentlichten Informationen, durch Missbrauch der Verbindung oder durch technische St\u00f6rungen entstanden sind, werden ausgeschlossen.<\/p><p>Alle Angebote sind freibleibend. Der Autor beh\u00e4lt es sich ausdr\u00fccklich vor, Teile der Seiten oder das gesamte Angebot ohne gesonderte Ank\u00fcndigung zu ver\u00e4ndern, zu erg\u00e4nzen, zu l\u00f6schen oder die Ver\u00f6ffentlichung zeitweise oder endg\u00fcltig einzustellen.<\/p><p><strong>Haftungsausschluss f\u00fcr Inhalte und Links<\/strong><br \/>Verweise und Links auf Webseiten Dritter liegen ausserhalb unseres Verantwortungsbereichs. Es wird jegliche Verantwortung f\u00fcr solche Webseiten abgelehnt. Der Zugriff und die Nutzung solcher Webseiten erfolgen auf eigene Gefahr des jeweiligen Nutzers.<\/p><p><strong>Urheberrechtserkl\u00e4rung<\/strong><br \/>Die Urheber- und alle anderen Rechte an Inhalten, Bildern, Fotos oder anderen Dateien auf dieser Website, geh\u00f6ren ausschliesslich skinmed AG oder den speziell genannten Rechteinhabern. F\u00fcr die Reproduktion jeglicher Elemente ist die schriftliche Zustimmung des Urheberrechtstr\u00e4gers im Voraus einzuholen.<\/p><p><strong>Coding<\/strong><br \/><a href=\"https:\/\/maucher-online.com\/wordpress-agentur\/\" target=\"_blank\" rel=\"noreferrer noopener\">WordPress Agentur<\/a><\/p><p><strong>Design<\/strong><br \/>GOUVERNEUR Designb\u00fcro<br \/>Marco Gouverneur<br \/>Diplom-Kommunikationsdesigner<br \/>Creative Director<br \/>Kochstra\u00dfe 9<br \/>54290 Trier<br \/>Deutschland<br \/>Telefon + 49 651 97 90 148<br \/>Mobile + 49 151 \u2013 52 59 5000<br \/>info [at] gouverneur-design.de<\/p><p><strong>Konzept und Text<\/strong><br \/>\u00a9 2022 skinmed AG<br \/>Diverse Autoren, alle Rechte vorbehalten<\/p>\t\t\t\t\t\t\t\t<\/div>\n\t\t\t\t<\/div>\n\t\t\t\t\t<\/div>\n\t\t\t\t<\/div>\n\t\t\t\t\t<\/div>\n\t\t\t\t<\/div>\n\t\t\t\t<\/div>","protected":false},"excerpt":{"rendered":"<p>Impressum Verantwortliche Instanz:skinmed AGHerzogstrasse 105000 AarauSchweizE-Mail: info@skins-restaurant.ch Vertretungsberechtigte PersonenDr. med. Felix J. Bertram Name des Unternehmens: skinmed AGRegistrationsnummer: CHE-115.608.719Umsatzsteuer-Identifikationsnummer: CHE-115.608.719 MWST HaftungsausschlussDer Autor \u00fcbernimmt keine Gew\u00e4hr f\u00fcr die Richtigkeit, Genauigkeit, Aktualit\u00e4t, Zuverl\u00e4ssigkeit und Vollst\u00e4ndigkeit der Informationen.Haftungsanspr\u00fcche gegen den Autor wegen Sch\u00e4den materieller oder immaterieller Art, die aus dem Zugriff oder der Nutzung bzw. Nichtnutzung der [&hellip;]<\/p>","protected":false},"author":1,"featured_media":0,"parent":0,"menu_order":0,"comment_status":"closed","ping_status":"closed","template":"","meta":{"_acf_changed":false,"footnotes":""},"class_list":["post-365","page","type-page","status-publish","hentry"],"acf":[],"_links":{"self":[{"href":"https:\/\/skins-restaurant.ch\/en\/wp-json\/wp\/v2\/pages\/365","targetHints":{"allow":["GET"]}}],"collection":[{"href":"https:\/\/skins-restaurant.ch\/en\/wp-json\/wp\/v2\/pages"}],"about":[{"href":"https:\/\/skins-restaurant.ch\/en\/wp-json\/wp\/v2\/types\/page"}],"author":[{"embeddable":true,"href":"https:\/\/skins-restaurant.ch\/en\/wp-json\/wp\/v2\/users\/1"}],"replies":[{"embeddable":true,"href":"https:\/\/skins-restaurant.ch\/en\/wp-json\/wp\/v2\/comments?post=365"}],"version-history":[{"count":10,"href":"https:\/\/skins-restaurant.ch\/en\/wp-json\/wp\/v2\/pages\/365\/revisions"}],"predecessor-version":[{"id":2006,"href":"https:\/\/skins-restaurant.ch\/en\/wp-json\/wp\/v2\/pages\/365\/revisions\/2006"}],"wp:attachment":[{"href":"https:\/\/skins-restaurant.ch\/en\/wp-json\/wp\/v2\/media?parent=365"}],"curies":[{"name":"wp","href":"https:\/\/api.w.org\/{rel}","templated":true}]}}